{"id":102,"date":"2018-09-21T12:28:05","date_gmt":"2018-09-21T10:28:05","guid":{"rendered":"http:\/\/neu.tsv-sigmaringendorf.com\/verein\/geschichte\/"},"modified":"2023-10-24T10:16:05","modified_gmt":"2023-10-24T08:16:05","slug":"geschichte","status":"publish","type":"page","link":"https:\/\/www.tsv-sigmaringendorf.com\/fussball\/verein\/geschichte\/","title":{"rendered":"Geschichte"},"content":{"rendered":"<h1>\n\t\tGeschichte\n\t<\/h1>\n<h1>\n\t\tDie Gr\u00fcndung der Abteilung Fu\u00dfball\n\t<\/h1>\n\tDer TSV Sigmaringendorf-Laucherthal e.V. besteht seit 1908 in dieser Form.<br \/>\nEr wurde von dem sportbegeisterten Lehrer Bernhard Eisele als \u201cTurnverein Sigmaringendorf\u201d am 27.6.1908 gegr\u00fcndet.<br \/>\n1921 wurde von Laucherthaler Sportlern der \u201cTurn und Sportverein Laucherthal\u201d gegr\u00fcndet. Die Bet\u00e4tigungsfelder waren Turnen, Fu\u00dfball und Leichtathletik.<br \/>\n<strong>Seit dieser Zeit wird in der Gemeinde vereinsm\u00e4\u00dfig Fu\u00dfballsport betrieben<\/strong>.<br \/>\nAls Fu\u00dfballfeld diente ein Gel\u00e4nde auf dem Stauden, das von drei Besitzern aus Scheer f\u00fcr ca. DM 10,- pro Jahr gepachtet werden konnte.<br \/>\nDer Sportplatz wurde von den Mitgliedern in ihrer Freizeit in einer Vielzahl an Stunden zweckdienlich<br \/>\nhergerichtet. Das Material f\u00fcr die Tore wurde vom H\u00fcttenwerk zur Verf\u00fcgung gestellt.\n<h1>\n\t\t1924 bis 1943\n\t<\/h1>\n\t<p>Im Jahre <strong>1924<\/strong> konnte der Turnverein Sigmaringendorf eine Fu\u00dfballabteilung gr\u00fcnden doch wegen den Bestimmungen des DFB und des DT hatten die Vereine aus Sigmaringendorf und Laucherthal zu wenig Gegner. Als folge daraus bildete sich ein Fussball-Club Sigmaringendorf. Dieser Fussball-Club erwies sich nicht als lebensf\u00e4hig und wurde nach kurzer Zeit wieder aufgel\u00f6st.<\/p>\n\t\t\t\t<img decoding=\"async\" src=\"https:\/\/www.tsv-sigmaringendorf.com\/wp-content\/uploads\/sites\/6\/2018\/09\/Bannmeister1940-2.jpg\" alt=\"Bannmeister 1940 in Mengen\nhinten von links: Robert F\u00f6rderer, Hubert H\u00e4berle, nicht bekannt, Hugo Waldraff, Bruno Krajka, Franz Perantoni, Josef Locher, Hugo Gulde\nvorne von links: Fridolin Rebholz, Hans Stadler, Hans Degler\" itemprop=\"image\" title=\"Bannmeister1940-2\"  \/>\n\t<p><strong>1943<\/strong> fand das letzte Spiel auf dem Sportplatz Stauden statt. Es spielte eine Auswahl von Ost- und West- Gastarbeitern aus dem H\u00fcttenwerk. Somit wurde der Turnverein Laucherthal aufgel\u00f6st.<\/p>\n<h1>\n\t\t1924 bis 1943\n\t<\/h1>\n\tNach dem Krieg lie\u00df die franz\u00f6sische Milit\u00e4rregierung nur unter erschwerten Bedingungen den Sportbetrieb wieder zu. So durfte in einem Ort unter 20.000 Einwohnern nur ein Sportverein existieren. Deshalb gr\u00fcndete man am 7. Juni <strong>1947<\/strong> einen neuen Verein mit dem Namen \u201cSportvereinigung Sigmaringendorf-Laucherthal\u201d.<br \/>\nSeit dieser Zeit befindet sich das Spielfeld auf dem Baumgartengel\u00e4nde. Nach dem 2. Weltkrieg wurde auf dem Sportplatz Baumgarten ein zweiter Platz angelegt, anfangs der 60er Jahre eines der modernsten Sportheime mit Dusche gebaut und 10 Jahre sp\u00e4ter um einen Verkaufskiosk erweitert.<br \/>\n<strong>1977<\/strong> erhielt der Trainingsplatz eine Flutlichtanlage, die bis zur Neuinstallation <strong>1991<\/strong> in Betrieb war.\n<h1>\n\t\t1994 bis heute\n\t<\/h1>\n\t<p><strong>1994<\/strong>, nach zweij\u00e4hriger Bauzeit, konnte im August das neue Sportheim mit Umkleider\u00e4umen, Kiosk und Gastst\u00e4tte im Baumgartenweg in Betrieb genommen werden. Rund 6 000 Stunden von 120 freiwilligen Helfern erm\u00f6glichten den Bau dieses sicherlich vorzeigbaren Objekts. Das verpachtete Lokal wird mit Erfolg betrieben und findet mit seinen kulinarischen Spezialit\u00e4ten im weiten Umkreis Zuspruch.<\/p>\nSportlich wurde in den letzten rund 80 Jahren im Aktiven und im Jugendbereich beachtliche Leistungen und Erfolge erbracht.<br \/>\nIn den 50er und Anfang der sechziger Jahre spielte die Dorfer Mannschaft in der II. Amateurliga gegen Vereine wie Lindau, V\u00f6hringen und Wangen. Mit der Reform und dem wachsenden Angebot an weiteren Sportarten musste die Klasse nach unten gewechselt werden.\nUnser Augenmerk ist stark auf den Jugendbereich gerichtet. Daf\u00fcr sorgen rund 45 freiwillige Helferinnen und Helfer, die als Trainer, Betreuer oder Fahrer zu Ausw\u00e4rtsspielen fungieren.<br \/>\nMit rund 500 aktiven und passiven Mitgliedern ist die Abteilung Fu\u00dfball einer der gr\u00f6\u00dften Vereine im Ort. Sie bietet neben sportlicher Bet\u00e4tigung vor allem f\u00fcr Jugendliche auch eine soziale Bindung in einem intakten Verein.\n","protected":false},"excerpt":{"rendered":"<p>Geschichte Die Gr\u00fcndung der Abteilung Fu\u00dfball Der TSV Sigmaringendorf-Laucherthal e.V. besteht seit 1908 in dieser Form. Er wurde von dem sportbegeisterten Lehrer Bernhard Eisele als \u201cTurnverein Sigmaringendorf\u201d am 27.6.1908 gegr\u00fcndet. 1921 wurde von Laucherthaler Sportlern der \u201cTurn und Sportverein Laucherthal\u201d gegr\u00fcndet. Die Bet\u00e4tigungsfelder waren Turnen, Fu\u00dfball und Leichtathletik. Seit dieser Zeit wird in der Gemeinde [&hellip;]<\/p>\n","protected":false},"author":1,"featured_media":0,"parent":99,"menu_order":20,"comment_status":"closed","ping_status":"closed","template":"template-pagebuilder.php","meta":[],"acf":[],"_links":{"self":[{"href":"https:\/\/www.tsv-sigmaringendorf.com\/fussball\/wp-json\/wp\/v2\/pages\/102"}],"collection":[{"href":"https:\/\/www.tsv-sigmaringendorf.com\/fussball\/wp-json\/wp\/v2\/pages"}],"about":[{"href":"https:\/\/www.tsv-sigmaringendorf.com\/fussball\/wp-json\/wp\/v2\/types\/page"}],"author":[{"embeddable":true,"href":"https:\/\/www.tsv-sigmaringendorf.com\/fussball\/wp-json\/wp\/v2\/users\/1"}],"replies":[{"embeddable":true,"href":"https:\/\/www.tsv-sigmaringendorf.com\/fussball\/wp-json\/wp\/v2\/comments?post=102"}],"version-history":[{"count":1,"href":"https:\/\/www.tsv-sigmaringendorf.com\/fussball\/wp-json\/wp\/v2\/pages\/102\/revisions"}],"predecessor-version":[{"id":781,"href":"https:\/\/www.tsv-sigmaringendorf.com\/fussball\/wp-json\/wp\/v2\/pages\/102\/revisions\/781"}],"up":[{"embeddable":true,"href":"https:\/\/www.tsv-sigmaringendorf.com\/fussball\/wp-json\/wp\/v2\/pages\/99"}],"wp:attachment":[{"href":"https:\/\/www.tsv-sigmaringendorf.com\/fussball\/wp-json\/wp\/v2\/media?parent=102"}],"curies":[{"name":"wp","href":"https:\/\/api.w.org\/{rel}","templated":true}]}}