{"id":190,"date":"2018-10-17T12:08:38","date_gmt":"2018-10-17T10:08:05","guid":{"rendered":"http:\/\/neu.tsv-sigmaringendorf.com\/?page_id=190"},"modified":"2023-10-24T10:16:05","modified_gmt":"2023-10-24T08:16:05","slug":"tsv-kollektion","status":"publish","type":"page","link":"https:\/\/www.tsv-sigmaringendorf.com\/fussball\/verein\/tsv-kollektion\/","title":{"rendered":"Vereinsfreundschaft FCH"},"content":{"rendered":"\n\n\t\t\t<img decoding=\"async\" loading='false' src=\"https:\/\/www.tsv-sigmaringendorf.com\/fussball\/wp-content\/uploads\/sites\/6\/2021\/01\/Header_Website_WFUR_2.jpg\" alt=\"\" \/><a href=\"https:\/\/www.fc-heidenheim.de\/verein\/wir-fuer-unsere-region.html\" target=\"_blank\" aria-label=\"Vereinsfreundschaft mit dem FC Heidenheim\" rel=\"noopener\"><\/a>\t\t\t\n\t\t\t\t<h2>Vereinsfreundschaft mit dem FC Heidenheim<\/h2><p>Zum 100j\u00e4hrigen Jubil\u00e4um pr\u00e4sentiert der TSV Sigmaringendorf &#8211; Laucherthal mit dem FC Heidenheim einen Partner f\u00fcr eine Vereinsfreundschaft.<\/p>\n\t\t\t<a href=\"https:\/\/www.fc-heidenheim.de\/verein\/wir-fuer-unsere-region.html\" target=\"_blank\" role=\"button\" rel=\"noopener nofollow\">\n\t\t\t\t\t\t\tZur Seite des FC Heidenheim\n\t\t\t\t\t<\/a>\n\t\t<h3><\/h3>\t\t\n\t\t\t\n<p>\u00a0<\/p>\n<p>In Zukunft wird nun eine 6 Meter lange Bande des FCH unseren Sportplatz \u201eBaumgarten&#8220; schm\u00fccken als Zeichen der Vereinsfreundschaft. Des Weiteren bekam der TSV 20 Warmlaufshirts und einen Spielball zu Verf\u00fcgung gestellt. <\/p>\n<p>Zudem erhalten die Vereinsfreunde einmal j\u00e4hrlich die M\u00f6glichkeit an der Vergabe eines Testspiels im Rahmen der Sommervorbereitung gegen die FCH Profis teilzunehmen, bei dem s\u00e4mtliche Erl\u00f6se dem gastgebenden Vereinsfreund zugutekommen. <\/p>\n<p>Als weiteres Bonbon werden Mannschaft und Verantwortliche zu einem Heimspiel des FCH eingeladen. Des Weiteren werden Vereinsverantwortliche zu regelm\u00e4\u00dfigen Infoabende und Workshops in die Voith-Arena eingeladen, um z.B. Themen wie Nachwuchsarbeit, Sponsoring oder auch Greenkeeping den Amateurvereinen n\u00e4her zu bringen. Was aus Sicht des TSV sicherlich gewinnbringend ist, wenn man mal einen Einblick in die Arbeit eines Profivereins bekommt obwohl der FCH sehr bodenst\u00e4ndig agiert. Als kleines Beispiel kann hier der aktuelle Trainer Frank Schmidt genannt werden, der seit 2007 das Traineramt aus\u00fcbt und somit einen gro\u00dfen Anteil an der j\u00fcngeren FCH Erfolgsgeschichte hat.<\/p>\n<p>\u00a0<\/p>\n<p>Der 1. FC Heidenheim 1846 hat sich zum Ziel gesetzt, Freundschaften mit Fu\u00dfballvereinen aus dem Amateurbereich zu schlie\u00dfen mittlerweile sind es \u00fcber 180, der FCH m\u00f6chte seine Erfahrungen vom Weg von der Landesliga (1998) in die 2. Bundesliga (seit 2014) weitergeben.<\/p>\n<p>\u00a0<\/p>\n<p>Der TSV erfreut sich \u00fcber diese Vereinsfreundschaft und erhofft sich viele freundliche, interessante Begegnungen mit dem FCH und seinen Vereinsfreunden! <\/p>\n\n","protected":false},"excerpt":{"rendered":"<p>Vereinsfreundschaft mit dem FC Heidenheim Zum 100j\u00e4hrigen Jubil\u00e4um pr\u00e4sentiert der TSV Sigmaringendorf &#8211; Laucherthal mit dem FC Heidenheim einen Partner f\u00fcr eine Vereinsfreundschaft. Zur Seite des FC Heidenheim \u00a0 In Zukunft wird nun eine 6 Meter lange Bande des FCH unseren Sportplatz \u201eBaumgarten&#8220; schm\u00fccken als Zeichen der Vereinsfreundschaft. Des Weiteren bekam der TSV 20 Warmlaufshirts [&hellip;]<\/p>\n","protected":false},"author":2,"featured_media":0,"parent":99,"menu_order":18,"comment_status":"closed","ping_status":"closed","template":"template-pagebuilder.php","meta":[],"acf":[],"_links":{"self":[{"href":"https:\/\/www.tsv-sigmaringendorf.com\/fussball\/wp-json\/wp\/v2\/pages\/190"}],"collection":[{"href":"https:\/\/www.tsv-sigmaringendorf.com\/fussball\/wp-json\/wp\/v2\/pages"}],"about":[{"href":"https:\/\/www.tsv-sigmaringendorf.com\/fussball\/wp-json\/wp\/v2\/types\/page"}],"author":[{"embeddable":true,"href":"https:\/\/www.tsv-sigmaringendorf.com\/fussball\/wp-json\/wp\/v2\/users\/2"}],"replies":[{"embeddable":true,"href":"https:\/\/www.tsv-sigmaringendorf.com\/fussball\/wp-json\/wp\/v2\/comments?post=190"}],"version-history":[{"count":4,"href":"https:\/\/www.tsv-sigmaringendorf.com\/fussball\/wp-json\/wp\/v2\/pages\/190\/revisions"}],"predecessor-version":[{"id":2014,"href":"https:\/\/www.tsv-sigmaringendorf.com\/fussball\/wp-json\/wp\/v2\/pages\/190\/revisions\/2014"}],"up":[{"embeddable":true,"href":"https:\/\/www.tsv-sigmaringendorf.com\/fussball\/wp-json\/wp\/v2\/pages\/99"}],"wp:attachment":[{"href":"https:\/\/www.tsv-sigmaringendorf.com\/fussball\/wp-json\/wp\/v2\/media?parent=190"}],"curies":[{"name":"wp","href":"https:\/\/api.w.org\/{rel}","templated":true}]}}