{"id":739,"date":"2019-04-10T12:36:29","date_gmt":"2019-04-10T10:36:29","guid":{"rendered":"http:\/\/neu.tsv-sigmaringendorf.com\/?page_id=739"},"modified":"2023-10-24T10:16:05","modified_gmt":"2023-10-24T08:16:05","slug":"schiedsrichter","status":"publish","type":"page","link":"https:\/\/www.tsv-sigmaringendorf.com\/fussball\/verein\/schiedsrichter\/","title":{"rendered":"Schiedsrichter"},"content":{"rendered":"\n\t<h2>Der TSV Sigmaringendorf \u2013 Laucherthal braucht Schiedsrichter!<\/h2>\nDer TSV Sigmaringendorf \u2013 Laucherthal hat derzeit 10 Schiedsrichter in seinem Verein beheimatet. Davon auch zwei Frauen!!!<br \/>\nZur Erf\u00fcllung der Vorgaben des WFV braucht der Verein 6 Schiedsrichter und somit haben wir unser Soll erf\u00fcllt. Dennoch freuen wir uns \u00fcber neue Schiedsrichter.\n<p>Also wenden wir uns an Euch, interessierte Jungen und M\u00e4dchen ab 14 Jahre. Bedingung ist die Mitgliedschaft in einem Fu\u00dfballverein, Zuverl\u00e4ssigkeit und die Bereitschaft an Wochenenden ein Spiel zu leiten. Nach bestandener Pr\u00fcfung erfolgt je nach Alter ein Einsatz im Jugend- oder Erwachsenenbereich im Fu\u00dfballbezirk Donau oder in den Nachbarkreisen.<\/p>\n<p>Es winkt ein interessantes und sportliches Hobby verbunden mit einer kleinen Aufbesserung des Taschengeldes sowie kostenloser Eintritt in jedes nationale Fu\u00dfballspiel (1.Bundesliga bis zur Kreisklasse). Die Erstausstattung, im ersten Jahr und f\u00fcr jedes weitere Jahr ein Zuschuss gibt es selbstverst\u00e4ndlich vom Verein.<\/p>\n<h3>Gemeckert ist immer leicht, selber was tun ist schwieriger!<\/h3>\n<p>Der TSV Sigmaringendorf \u2013 Laucherthal bzw. die Schiedsrichtergruppe Sigmaringen freut sich \u00fcber jeden neuen Schiedsrichter.<\/p>\n<p>F\u00fcr Fragen steht euch Pascal Richter (Telefon 0162 7285773) oder unter pascalrichter@gmx.net zur Verf\u00fcgung.<\/p>\n<p>&nbsp;<\/p>\n<h3>Gut Pfiff!!<\/h3>\n","protected":false},"excerpt":{"rendered":"<p>Der TSV Sigmaringendorf \u2013 Laucherthal braucht Schiedsrichter! Der TSV Sigmaringendorf \u2013 Laucherthal hat derzeit 10 Schiedsrichter in seinem Verein beheimatet. Davon auch zwei Frauen!!! Zur Erf\u00fcllung der Vorgaben des WFV braucht der Verein 6 Schiedsrichter und somit haben wir unser Soll erf\u00fcllt. Dennoch freuen wir uns \u00fcber neue Schiedsrichter. Also wenden wir uns an Euch, [&hellip;]<\/p>\n","protected":false},"author":2,"featured_media":0,"parent":99,"menu_order":22,"comment_status":"closed","ping_status":"closed","template":"template-pagebuilder.php","meta":[],"acf":[],"_links":{"self":[{"href":"https:\/\/www.tsv-sigmaringendorf.com\/fussball\/wp-json\/wp\/v2\/pages\/739"}],"collection":[{"href":"https:\/\/www.tsv-sigmaringendorf.com\/fussball\/wp-json\/wp\/v2\/pages"}],"about":[{"href":"https:\/\/www.tsv-sigmaringendorf.com\/fussball\/wp-json\/wp\/v2\/types\/page"}],"author":[{"embeddable":true,"href":"https:\/\/www.tsv-sigmaringendorf.com\/fussball\/wp-json\/wp\/v2\/users\/2"}],"replies":[{"embeddable":true,"href":"https:\/\/www.tsv-sigmaringendorf.com\/fussball\/wp-json\/wp\/v2\/comments?post=739"}],"version-history":[{"count":2,"href":"https:\/\/www.tsv-sigmaringendorf.com\/fussball\/wp-json\/wp\/v2\/pages\/739\/revisions"}],"predecessor-version":[{"id":1607,"href":"https:\/\/www.tsv-sigmaringendorf.com\/fussball\/wp-json\/wp\/v2\/pages\/739\/revisions\/1607"}],"up":[{"embeddable":true,"href":"https:\/\/www.tsv-sigmaringendorf.com\/fussball\/wp-json\/wp\/v2\/pages\/99"}],"wp:attachment":[{"href":"https:\/\/www.tsv-sigmaringendorf.com\/fussball\/wp-json\/wp\/v2\/media?parent=739"}],"curies":[{"name":"wp","href":"https:\/\/api.w.org\/{rel}","templated":true}]}}